{"id":177,"date":"2026-02-03T13:22:08","date_gmt":"2026-02-03T13:22:08","guid":{"rendered":"https:\/\/neofinances.markaitek.dev\/terminos-y-condiciones\/"},"modified":"2026-02-03T14:45:39","modified_gmt":"2026-02-03T14:45:39","slug":"terminos-y-condiciones","status":"publish","type":"page","link":"https:\/\/neofinances.markaitek.dev\/es\/terminos-y-condiciones\/","title":{"rendered":"T\u00e9rminos y Condiciones"},"content":{"rendered":"\n<h1 class=\"wp-block-heading has-text-align-center\"><\/h1>\n\n\n\n<p>Estos T\u00e9rminos de Uso rigen su acceso a nuestros servicios de educaci\u00f3n financiera. Cuando se suscribe a nuestra plataforma de educaci\u00f3n financiera, debe aceptar estos T\u00e9rminos de Uso para que su acceso sea validado y procesado correctamente. El proveedor de servicios solo aceptar\u00e1 revisar su solicitud de suscripci\u00f3n a la plataforma si usted acepta estos T\u00e9rminos de Uso. A pesar del cumplimiento de estos T\u00e9rminos de Uso, el proveedor de servicios no tiene ninguna obligaci\u00f3n de aceptar su solicitud de acceso. El hecho de otorgar o no acceso a la plataforma y mantener el acceso continuo es a discreci\u00f3n exclusiva del proveedor de servicios. Una cuenta de deudor puede ser desactivada en cualquier momento, a discreci\u00f3n exclusiva del proveedor de servicios, sin ning\u00fan da\u00f1o aplicable contra el proveedor de servicios. Estos T\u00e9rminos de Uso complementan cualquier otro acuerdo aplicable entre las partes y permanecen v\u00e1lidos durante todo el servicio de suscripci\u00f3n otorgado por la empresa que proporciona los servicios.<\/p>\n\n\n\n<h2 class=\"wp-block-heading\">\u00bfQui\u00e9n Puede Suscribirse a Nuestros Servicios?<\/h2>\n\n\n\n<p>Debe tener al menos 18 a\u00f1os de edad y no estar considerado como incapacitado o sujeto a tutela.<\/p>\n\n\n\n<p>El prop\u00f3sito de su solicitud de acceso a la plataforma de educaci\u00f3n financiera no debe hacerse, directa o indirectamente, con un prop\u00f3sito ilegal, prohibido, criminal, fraudulento, para lavado de dinero o como parte de cualquier otro acto considerado de mala fe por la empresa que proporciona los servicios, a su exclusivo criterio.<\/p>\n\n\n\n<p>Est\u00e1 obligado a revelar su identidad completa.<\/p>\n\n\n\n<p>No puede hacerse pasar por otra persona.<\/p>\n\n\n\n<p>No ha sido objeto de una solicitud denegada o cierre de cuenta con nuestra empresa dentro de los treinta (30) d\u00edas anteriores a esta solicitud de acceso a nuestra plataforma de educaci\u00f3n financiera.<\/p>\n\n\n\n<h2 class=\"wp-block-heading\">Recopilaci\u00f3n y Uso de Informaci\u00f3n<\/h2>\n\n\n\n<p>Para procesar su solicitud de acceso a nuestra plataforma de educaci\u00f3n financiera, como se mencion\u00f3 anteriormente, la empresa que proporciona los servicios debe verificar la informaci\u00f3n sobre usted. El tipo de informaci\u00f3n recopilada depende de la informaci\u00f3n que usted proporcione y de c\u00f3mo utilice el sitio web del Proveedor de Servicios.<\/p>\n\n\n\n<p>Por la presente, usted entiende y acepta que cuando se realiza una solicitud de acceso a la Plataforma de Educaci\u00f3n Financiera, el Proveedor de Servicios recopila el contenido de la solicitud, las comunicaciones y otra informaci\u00f3n que usted proporcione, incluso cuando crea una cuenta, crea o comparte contenido, o cuando se comunica con o env\u00eda mensajes a miembros, funcionarios, administradores, agentes o socios del Proveedor de Servicios.<\/p>\n\n\n\n<p>Esto puede incluir informaci\u00f3n en o sobre el contenido que usted proporciona (por ejemplo, metadatos), como la ubicaci\u00f3n de una foto o la fecha en que se cre\u00f3 un archivo. Usted consiente formalmente que toda la informaci\u00f3n recopilada puede ser utilizada por la empresa que proporciona los servicios en el contexto de la gesti\u00f3n de su solicitud de acceso a la plataforma de educaci\u00f3n financiera y puede ser transmitida a cualquier otra empresa afiliada, proveedor de servicios u otras empresas relacionadas con el prop\u00f3sito de investigar o agregar datos concernientes a usted.<\/p>\n\n\n\n<p>Sus datos pueden formar parte de una base de datos gestionada por la empresa que proporciona los servicios, por cualquier otra empresa afiliada, proveedor de servicios u otras empresas relacionadas con el prop\u00f3sito de procesar e investigar solicitudes de acceso, bajo las condiciones mencionadas anteriormente o de otra manera, y pueden ser retenidos por un per\u00edodo indefinido por la empresa que proporciona los servicios y por cualquier otra empresa afiliada, proveedor de servicios u otras empresas relacionadas para este prop\u00f3sito. Los datos pueden ser compartidos con autoridades p\u00fablicas o legales, cuando lo ordene la ley y\/o un tribunal de justicia.<\/p>\n\n\n\n<h2 class=\"wp-block-heading\">Jurisdicci\u00f3n y Gesti\u00f3n de Disputas<\/h2>\n\n\n\n<p><strong>Ley aplicable; jurisdicci\u00f3n y competencia; medidas cautelares.<\/strong> Estos T\u00e9rminos se rigen por las leyes del Estado de Florida, sin tener en cuenta sus normas sobre conflicto de leyes. Cualquier disputa que surja de o se relacione con estos T\u00e9rminos o los Servicios se presentar\u00e1 exclusivamente ante los tribunales estatales o federales ubicados en Florida, y usted acepta la jurisdicci\u00f3n personal y la competencia de dichos tribunales. No obstante lo anterior, podemos solicitar medidas cautelares o equitativas ante cualquier tribunal competente para proteger nuestra propiedad intelectual o prevenir el uso no autorizado de los Servicios.<\/p>\n\n\n\n<h2 class=\"wp-block-heading\">Actualizaci\u00f3n de Estos T\u00e9rminos de Uso<\/h2>\n\n\n\n<p>La empresa que proporciona los servicios puede modificar sus servicios y reglamentos, y puede ser necesario realizar cambios en estos T\u00e9rminos de Uso.<\/p>\n","protected":false},"excerpt":{"rendered":"<p>Estos T\u00e9rminos de Uso rigen su acceso a nuestros servicios de educaci\u00f3n financiera. Cuando se suscribe a nuestra plataforma de educaci\u00f3n financiera, debe aceptar estos&#8230;<\/p>\n","protected":false},"author":1,"featured_media":0,"parent":0,"menu_order":0,"comment_status":"closed","ping_status":"closed","template":"","meta":{"_acf_changed":false,"footnotes":""},"class_list":["post-177","page","type-page","status-publish","hentry"],"acf":[],"yoast_head":"<!-- This site is optimized with the Yoast SEO plugin v26.9 - https:\/\/yoast.com\/product\/yoast-seo-wordpress\/ -->\n<title>T\u00e9rminos y Condiciones - Neo Finances<\/title>\n<meta name=\"robots\" content=\"noindex, follow, max-snippet:-1, max-image-preview:large, max-video-preview:-1\" \/>\n<meta property=\"og:locale\" content=\"es_ES\" \/>\n<meta property=\"og:type\" content=\"article\" \/>\n<meta property=\"og:title\" content=\"T\u00e9rminos y Condiciones - Neo Finances\" \/>\n<meta property=\"og:description\" content=\"Estos T\u00e9rminos de Uso rigen su acceso a nuestros servicios de educaci\u00f3n financiera. Cuando se suscribe a nuestra plataforma de educaci\u00f3n financiera, debe aceptar estos...\" \/>\n<meta property=\"og:url\" content=\"https:\/\/neofinances.markaitek.dev\/es\/terminos-y-condiciones\/\" \/>\n<meta property=\"og:site_name\" content=\"Neo Finances\" \/>\n<meta property=\"article:modified_time\" content=\"2026-02-03T14:45:39+00:00\" \/>\n<meta name=\"twitter:card\" content=\"summary_large_image\" \/>\n<meta name=\"twitter:label1\" content=\"Tiempo de lectura\" \/>\n\t<meta name=\"twitter:data1\" content=\"4 minutos\" \/>\n<script type=\"application\/ld+json\" class=\"yoast-schema-graph\">{\"@context\":\"https:\/\/schema.org\",\"@graph\":[{\"@type\":\"WebPage\",\"@id\":\"https:\/\/neofinances.markaitek.dev\/es\/terminos-y-condiciones\/\",\"url\":\"https:\/\/neofinances.markaitek.dev\/es\/terminos-y-condiciones\/\",\"name\":\"T\u00e9rminos y Condiciones - Neo Finances\",\"isPartOf\":{\"@id\":\"https:\/\/neofinances.markaitek.dev\/es\/#website\"},\"datePublished\":\"2026-02-03T13:22:08+00:00\",\"dateModified\":\"2026-02-03T14:45:39+00:00\",\"breadcrumb\":{\"@id\":\"https:\/\/neofinances.markaitek.dev\/es\/terminos-y-condiciones\/#breadcrumb\"},\"inLanguage\":\"es\",\"potentialAction\":[{\"@type\":\"ReadAction\",\"target\":[\"https:\/\/neofinances.markaitek.dev\/es\/terminos-y-condiciones\/\"]}]},{\"@type\":\"BreadcrumbList\",\"@id\":\"https:\/\/neofinances.markaitek.dev\/es\/terminos-y-condiciones\/#breadcrumb\",\"itemListElement\":[{\"@type\":\"ListItem\",\"position\":1,\"name\":\"Home\",\"item\":\"https:\/\/neofinances.markaitek.dev\/es\/\"},{\"@type\":\"ListItem\",\"position\":2,\"name\":\"T\u00e9rminos y Condiciones\"}]},{\"@type\":\"WebSite\",\"@id\":\"https:\/\/neofinances.markaitek.dev\/es\/#website\",\"url\":\"https:\/\/neofinances.markaitek.dev\/es\/\",\"name\":\"Neo Finances\",\"description\":\"\",\"publisher\":{\"@id\":\"https:\/\/neofinances.markaitek.dev\/es\/#organization\"},\"potentialAction\":[{\"@type\":\"SearchAction\",\"target\":{\"@type\":\"EntryPoint\",\"urlTemplate\":\"https:\/\/neofinances.markaitek.dev\/es\/?s={search_term_string}\"},\"query-input\":{\"@type\":\"PropertyValueSpecification\",\"valueRequired\":true,\"valueName\":\"search_term_string\"}}],\"inLanguage\":\"es\"},{\"@type\":\"Organization\",\"@id\":\"https:\/\/neofinances.markaitek.dev\/es\/#organization\",\"name\":\"Neo Finances\",\"url\":\"https:\/\/neofinances.markaitek.dev\/es\/\",\"logo\":{\"@type\":\"ImageObject\",\"inLanguage\":\"es\",\"@id\":\"https:\/\/neofinances.markaitek.dev\/es\/#\/schema\/logo\/image\/\",\"url\":\"https:\/\/neofinances.markaitek.dev\/wp-content\/uploads\/2026\/02\/cropped-WhatsApp-Image-2026-02-03-at-09.31.53.jpeg\",\"contentUrl\":\"https:\/\/neofinances.markaitek.dev\/wp-content\/uploads\/2026\/02\/cropped-WhatsApp-Image-2026-02-03-at-09.31.53.jpeg\",\"width\":1123,\"height\":794,\"caption\":\"Neo Finances\"},\"image\":{\"@id\":\"https:\/\/neofinances.markaitek.dev\/es\/#\/schema\/logo\/image\/\"}}]}<\/script>\n<!-- \/ Yoast SEO plugin. -->","yoast_head_json":{"title":"T\u00e9rminos y Condiciones - Neo Finances","robots":{"index":"noindex","follow":"follow","max-snippet":"max-snippet:-1","max-image-preview":"max-image-preview:large","max-video-preview":"max-video-preview:-1"},"og_locale":"es_ES","og_type":"article","og_title":"T\u00e9rminos y Condiciones - Neo Finances","og_description":"Estos T\u00e9rminos de Uso rigen su acceso a nuestros servicios de educaci\u00f3n financiera. Cuando se suscribe a nuestra plataforma de educaci\u00f3n financiera, debe aceptar estos...","og_url":"https:\/\/neofinances.markaitek.dev\/es\/terminos-y-condiciones\/","og_site_name":"Neo Finances","article_modified_time":"2026-02-03T14:45:39+00:00","twitter_card":"summary_large_image","twitter_misc":{"Tiempo de lectura":"4 minutos"},"schema":{"@context":"https:\/\/schema.org","@graph":[{"@type":"WebPage","@id":"https:\/\/neofinances.markaitek.dev\/es\/terminos-y-condiciones\/","url":"https:\/\/neofinances.markaitek.dev\/es\/terminos-y-condiciones\/","name":"T\u00e9rminos y Condiciones - Neo Finances","isPartOf":{"@id":"https:\/\/neofinances.markaitek.dev\/es\/#website"},"datePublished":"2026-02-03T13:22:08+00:00","dateModified":"2026-02-03T14:45:39+00:00","breadcrumb":{"@id":"https:\/\/neofinances.markaitek.dev\/es\/terminos-y-condiciones\/#breadcrumb"},"inLanguage":"es","potentialAction":[{"@type":"ReadAction","target":["https:\/\/neofinances.markaitek.dev\/es\/terminos-y-condiciones\/"]}]},{"@type":"BreadcrumbList","@id":"https:\/\/neofinances.markaitek.dev\/es\/terminos-y-condiciones\/#breadcrumb","itemListElement":[{"@type":"ListItem","position":1,"name":"Home","item":"https:\/\/neofinances.markaitek.dev\/es\/"},{"@type":"ListItem","position":2,"name":"T\u00e9rminos y Condiciones"}]},{"@type":"WebSite","@id":"https:\/\/neofinances.markaitek.dev\/es\/#website","url":"https:\/\/neofinances.markaitek.dev\/es\/","name":"Neo Finances","description":"","publisher":{"@id":"https:\/\/neofinances.markaitek.dev\/es\/#organization"},"potentialAction":[{"@type":"SearchAction","target":{"@type":"EntryPoint","urlTemplate":"https:\/\/neofinances.markaitek.dev\/es\/?s={search_term_string}"},"query-input":{"@type":"PropertyValueSpecification","valueRequired":true,"valueName":"search_term_string"}}],"inLanguage":"es"},{"@type":"Organization","@id":"https:\/\/neofinances.markaitek.dev\/es\/#organization","name":"Neo Finances","url":"https:\/\/neofinances.markaitek.dev\/es\/","logo":{"@type":"ImageObject","inLanguage":"es","@id":"https:\/\/neofinances.markaitek.dev\/es\/#\/schema\/logo\/image\/","url":"https:\/\/neofinances.markaitek.dev\/wp-content\/uploads\/2026\/02\/cropped-WhatsApp-Image-2026-02-03-at-09.31.53.jpeg","contentUrl":"https:\/\/neofinances.markaitek.dev\/wp-content\/uploads\/2026\/02\/cropped-WhatsApp-Image-2026-02-03-at-09.31.53.jpeg","width":1123,"height":794,"caption":"Neo Finances"},"image":{"@id":"https:\/\/neofinances.markaitek.dev\/es\/#\/schema\/logo\/image\/"}}]}},"_links":{"self":[{"href":"https:\/\/neofinances.markaitek.dev\/es\/wp-json\/wp\/v2\/pages\/177","targetHints":{"allow":["GET"]}}],"collection":[{"href":"https:\/\/neofinances.markaitek.dev\/es\/wp-json\/wp\/v2\/pages"}],"about":[{"href":"https:\/\/neofinances.markaitek.dev\/es\/wp-json\/wp\/v2\/types\/page"}],"author":[{"embeddable":true,"href":"https:\/\/neofinances.markaitek.dev\/es\/wp-json\/wp\/v2\/users\/1"}],"replies":[{"embeddable":true,"href":"https:\/\/neofinances.markaitek.dev\/es\/wp-json\/wp\/v2\/comments?post=177"}],"version-history":[{"count":2,"href":"https:\/\/neofinances.markaitek.dev\/es\/wp-json\/wp\/v2\/pages\/177\/revisions"}],"predecessor-version":[{"id":197,"href":"https:\/\/neofinances.markaitek.dev\/es\/wp-json\/wp\/v2\/pages\/177\/revisions\/197"}],"wp:attachment":[{"href":"https:\/\/neofinances.markaitek.dev\/es\/wp-json\/wp\/v2\/media?parent=177"}],"curies":[{"name":"wp","href":"https:\/\/api.w.org\/{rel}","templated":true}]}}